{"id":63,"date":"2014-07-10T20:38:20","date_gmt":"2014-07-10T16:38:20","guid":{"rendered":"http:\/\/localhost\/gacr\/?page_id=63"},"modified":"2017-02-14T12:11:49","modified_gmt":"2017-02-14T11:11:49","slug":"persons","status":"publish","type":"page","link":"https:\/\/www.radio.feec.vutbr.cz\/GACR-13-38735S\/persons\/","title":{"rendered":"Persons"},"content":{"rendered":"<div class='person_cat'> Main <\/div>\n<div class=\"table\">\n<div class=\"tr\">\n<div class=\"td photo\"><img src=\"\/GACR-13-38735S\/wp-content\/themes\/vantage\/images\/persons\/mecklenbrauker.PNG\" \/><\/div>\n<div class=\"td info\">\n<div class=\"newsCaption\" onclick='toggle(this.id+\"_b\")' id=\"mecklenbrauker\">\n<p class=\"name\"> Christoph Mecklenbr\u00e4uker, Univ. Prof. Dipl.-Ing. Dr.-Ing.<\/p>\n<\/p><\/div>\n<div class=\"newsBody\" id=\"mecklenbrauker_b\">He received the Dipl-Ing. degree in Electrical Engineering from Vienna University of Technology in 1992 and the Dr.-Ing. degree from Ruhr-University of Bochum in 1998. In 2006, he joined the Institute of Communications and Radio Frequency Engineering at Vienna University of Technology as full professor. His current research interests include radio interfaces for future peer-to-peer networks (car-to-car communications, personal area networks, and wireless sensor networks), UWB radio and MIMO-OFDM based transceivers (UMTS, WiMax, and 4G).<\/div>\n<div class=\"contats\">\n<p>E-mail: christoph.mecklenbraeuker@tuwien.ac.at<\/p>\n<p>        <a href=\"https:\/\/www.nt.tuwien.ac.at\/about-us\/staff\/christoph-f-mecklenbrauker\/\"><\/p>\n<p>Profile<\/p>\n<p><\/a> <\/div>\n<\/p><\/div>\n<\/p><\/div>\n<div class=\"tr\">\n<div class=\"td photo\"><img src=\"\/GACR-13-38735S\/wp-content\/themes\/vantage\/images\/persons\/prokes.jpg\" \/><\/div>\n<div class=\"td info\">\n<div class=\"newsCaption\" onclick='toggle(this.id+\"_b\")' id=\"prokes\">\n<p class=\"name\"> Ale\u0161 Proke\u0161, Prof. Ing., Ph.D.<\/p>\n<\/div>\n<div class=\"newsBody\" id=\"prokes_b\">Ale\u0161 Proke\u0161 graduated from BUT in 1989, obtained the Ph.D. degree in 1999. In 2006 he habilitated and became Associate Professor at BUT. He has been working in the area of FSO research and development for 20 years. He has been joint researcher in several grant projects concerned with problems of optical communications. He deals with the analysis and optimization of optical receivers, atmospheric channel effects on optical signal, optical channel modelling, evaluation of FSO availability and reliability. He will deal with the measurement setup realization, optical modules design, channels measurement (especially in the IR domain), basic processing of the data measured, and he will also cooperate in making the channel models.<\/div>\n<div class=\"contats\">\n<p>E-mail: prokes@feec.vutbr.cz<\/p>\n<p>        <a href=\"https:\/\/www.vutbr.cz\/lide\/ales-prokes-2079\"><\/p>\n<p>Profile<\/p>\n<p><\/a> <\/div>\n<\/p><\/div>\n<\/p><\/div>\n<div class=\"tr\">\n<div class=\"td photo\"><img src=\"\/GACR-13-38735S\/wp-content\/themes\/vantage\/images\/persons\/marsalek.PNG\" \/><\/div>\n<div class=\"td info\">\n<div class=\"newsCaption\" onclick='toggle(this.id+\"_b\")' id=\"marsalek\">\n<p class=\"name\"> Roman Mar\u0161\u00e1lek, Assoc. Prof. Ing. Ph.D.<\/p>\n<\/div>\n<div class=\"newsBody\" id=\"marsalek_b\">Roman Mar\u0161\u00e1lek graduated from BUT in 1999, obtained the Ph.D. degree from the Universit\u00e9 de Marne la Vall\u00e9e, France in 2003. In 2008 he habilitated and became Associate Professor at BUT. His research is oriented to the domain of digital communications and applied signal processing. The main areas of interests are PAPR reduction in multicarrier systems and power amplifier linearization. He gives lectures in the courses Wireless communications theory and Software radio.<\/div>\n<div class=\"contats\">\n<p>E-mail: marsaler@feec.vutbr.cz<\/p>\n<p>        <a href=\"https:\/\/www.vutbr.cz\/lide\/roman-marsalek-3018\"><\/p>\n<p>Profile<\/p>\n<p><\/a>\n        <\/div>\n<\/p><\/div>\n<\/p><\/div>\n<div class=\"tr\">\n<div class=\"td photo\"><img src=\"\/GACR-13-38735S\/wp-content\/themes\/vantage\/images\/persons\/blumenstein.PNG\" \/><\/div>\n<div class=\"td info\">\n<div class=\"newsCaption\" onclick='toggle(this.id+\"_b\")' id=\"blumenstein\">\n<p class=\"name\"> Ji\u0159\u00ed Blumenstein, Ing. Ph.D.<\/p>\n<\/div>\n<div class=\"newsBody\" id=\"blumenstein_b\">Ji\u0159\u00ed Blumenstein, Ing. Ph.D. received his Ph.D. degree in electrical engineering at the Brno University of Technology in 2013. In 2011 he worked on LTE simulations at the Institute of Telecommunications, Vienna University of Technology, Austria. At present, he is a researcher at the Department of Radio Electronics, Brno University of Technology, Czech Republic. He cooperates with several companies in the area of the applied research of wireless systems as well as in the area of the basic research financed by Czech Science foundation. His research interests are signal processing, physical layer of communication systems, channel measurement and modeling and wireless system design. <\/div>\n<div class=\"contats\">\n<p>E-mail: blumenstein@feec.vutbr.cz<\/p>\n<p>        <a href=\"https:\/\/www.vutbr.cz\/lide\/jiri-blumenstein-83914\"><\/p>\n<p>Profile<\/p>\n<p><\/a>\n        <\/div>\n<\/p><\/div>\n<\/p><\/div>\n<div class=\"tr\">\n<div class=\"td photo\"><img src=\"\/GACR-13-38735S\/wp-content\/themes\/vantage\/images\/persons\/mikulasek.PNG\" \/><\/div>\n<div class=\"td info\">\n<div class=\"newsCaption\" onclick='toggle(this.id+\"_b\")' id=\"mikulasek\">\n<p class=\"name\"> Tom\u00e1\u0161 Mikul\u00e1\u0161ek, Ing. Ph.D.<\/p>\n<\/div>\n<div class=\"newsBody\" id=\"mikulasek_b\">Tom\u00e1\u0161 Mikul\u00e1\u0161ek is a second-year Ph.D. student at the BUT FEEC. He teaches in the course Antennas and Applications. His area of interest includes design of millimetre-wave band antennas based on the Substrate Integrated Waveguide (SIW) technology.<\/div>\n<div class=\"contats\">\n<p>E-mail: mikulasekt@feec.vutbr.cz<\/p>\n<p>        <a href=\"https:\/\/www.vutbr.cz\/lide\/tomas-mikulasek-83467\"><\/p>\n<p>Profile<\/p>\n<p><\/a> <\/div>\n<\/p><\/div>\n<\/p><\/div>\n<div class=\"tr\">\n<div class=\"td photo\"><img src=\"\/GACR-13-38735S\/wp-content\/themes\/vantage\/images\/persons\/vychodil.PNG\" \/><\/div>\n<div class=\"td info\">\n<div class=\"newsCaption\" onclick='toggle(this.id+\"_b\")' id=\"vychodil\">\n<p class=\"name\"> Josef Vychodil, Ing.<\/p>\n<\/div>\n<div class=\"newsBody\" id=\"vychodil_b\">Department of Radio Electronics (18340) &#8211; technical administration officer<\/div>\n<div class=\"contats\">\n<p>E-mail: xvycho05@stud.feec.vutbr.cz<\/p>\n<p>        <a href=\"https:\/\/www.vutbr.cz\/lide\/josef-vychodil-115311\"><\/p>\n<p>Profile<\/p>\n<p><\/a> <\/div>\n<\/p><\/div>\n<\/p><\/div>\n<div class=\"tr\">\n<div class=\"td photo\"><img src=\"\/GACR-13-38735S\/wp-content\/themes\/vantage\/images\/persons\/pospisil.jpg\" \/><\/div>\n<div class=\"td info\">\n<div class=\"newsCaption\" onclick='toggle(this.id+\"_b\")' id=\"pospisil\">\n<p class=\"name\"> Martin Posp\u00ed\u0161il, Ing.<\/p>\n<\/div>\n<div class=\"newsBody\" id=\"pospisil_b\">Department of Radio Electronics (18340) &#8211; technical administration officer<\/div>\n<div class=\"contats\">\n<p>E-mail: xpospi29@stud.feec.vutbr.cz<\/p>\n<p>        <a href=\"https:\/\/www.vutbr.cz\/lide\/martin-pospisil-106729\"><\/p>\n<p>Profile<\/p>\n<p><\/a> <\/div>\n<\/p><\/div>\n<\/p><\/div>\n<div class=\"tr\">\n<div class=\"td photo\"><img src=\"\/GACR-13-38735S\/wp-content\/themes\/vantage\/images\/persons\/kukolev.PNG\" \/><\/div>\n<div class=\"td info\">\n<div class=\"newsCaption\" onclick='toggle(this.id+\"_b\")' id=\"kukolev\">\n<p class=\"name\"> Pavel Kukolev, Ing.<\/p>\n<\/div>\n<div class=\"newsBody\" id=\"kukolev_b\">Department of Radio Electronics (18340) &#8211; technical administration officer<\/div>\n<div class=\"contats\">\n<p>E-mail: xkukol01@stud.feec.vutbr.cz<\/p>\n<p>        <a href=\"https:\/\/www.vutbr.cz\/lide\/pavel-kukolev-148058\"><\/p>\n<p>Profile<\/p>\n<p><\/a> <\/div>\n<\/p><\/div>\n<\/p><\/div>\n<\/div>\n<div class='person_cat'> Cooperative persons <\/div>\n<div class=\"table\">\n<div class=\"tr\">\n<div class=\"td photo\"><img src=\"\/GACR-13-38735S\/wp-content\/themes\/vantage\/images\/persons\/chandra.PNG\" \/><\/div>\n<div class=\"td info\">\n<div class=\"newsCaption\" onclick='toggle(this.id+\"_b\")' id=\"chandra\">\n<p class=\"name\"> Aniruddha Chandra, Dr. &#8211; Ph.D.<\/p>\n<\/div>\n<div class=\"newsBody\" id=\"chandra_b\">\n<p>Aniruddha Chandra received BE, ME, and PhD from Jadavpur University, Kolkata, India in 2003, 2005, and 2011 respectively. He joined ECE department, NIT Durgapur in 2005 as a Lecturer. He is currently serving as an Assistant Professor there. From Aug. 2011 to Jan. 2012 he was a Visiting Professor at AIT Bangkok. Recently he received Marie Curie (SoMoPro) fellowship to pursue postdoctoral studies in BUT, Czech Republic. Dr. Chandra published about 25 research papers in referred journals. He has also delivered several invited lectures. His primary area of research is physical layer issues in wireless communication. <\/p>\n<p>Supported by SoMoPro<\/p>\n<\/div>\n<div class=\"contats\">\n<p>E-mail: chandra@feec.vutbr.cz <\/p>\n<p>        <a href=\"https:\/\/www.linkedin.com\/in\/aniruddha-chandra-96616a2a\/\"><\/p>\n<p>Profile<\/p>\n<p><\/a> <\/div>\n<\/p><\/div>\n<\/p><\/div>\n<div class=\"tr\">\n<div class=\"td photo\"><img src=\"\/GACR-13-38735S\/wp-content\/themes\/vantage\/images\/persons\/zemen.jpg\" \/><\/div>\n<div class=\"td info\">\n<div class=\"newsCaption\" onclick='toggle(this.id+\"_b\")' id=\"zemen\">\n<p class=\"name\"> Thomas Zemen<\/p>\n<\/div>\n<div class=\"newsBody\" id=\"zemen_b\">\n<p>\nSenior Scientist<br \/>\nDigital Safety &#038; Security Department<br \/>\nOptical Quantum Technology<br \/>\nAIT Austrian Institute of Technology GmbH\n <\/p>\n<\/p><\/div>\n<div class=\"contats\">\n<p>E-mail: thomas.zemen@ait.ac.at <\/p>\n<\/p><\/div>\n<\/p><\/div>\n<\/p><\/div>\n<div class=\"tr\">\n<div class=\"td photo\"><img src=\"\/GACR-13-38735S\/wp-content\/themes\/vantage\/images\/persons\/kundu.jpg\" \/><\/div>\n<div class=\"td info\">\n<div class=\"newsCaption\" onclick='toggle(this.id+\"_b\")' id=\"kundu\">\n<p class=\"name\"> Dr. Sumit Kundu<\/p>\n<\/div>\n<div class=\"newsBody\" id=\"kundu_b\">\n<p>Ph.D (Wireless Comm) IIT Kharagpur M.Tech (Telecommunication Systems ) IIT Kharagpur B.E. ( ECE), NIT Durgapur<\/p>\n<p>Wireless Comm &#038; Networks Cognitive Radio Networks, Cognitive Relay, Cooperative Communication, Wireless Sensor Networks<\/p>\n<\/div>\n<div class=\"contats\">\n<p>E-mail: sumit.kundu@ece.nitdgp.ac.in <\/p>\n<p>        <a href=\"http:\/\/www.nitdgp.ac.in\/faculty_details.php?id=71 \"><\/p>\n<p>Profile<\/p>\n<p><\/a> <\/div>\n<\/p><\/div>\n<\/p><\/div>\n<\/div>\n","protected":false},"excerpt":{"rendered":"<p>Main Christoph Mecklenbr\u00e4uker, Univ. Prof. Dipl.-Ing. Dr.-Ing. He received the Dipl-Ing. degree in Electrical Engineering from Vienna University of Technology in 1992 and the Dr.-Ing. degree from Ruhr-University of Bochum in 1998. In 2006, he joined the Institute of Communications and Radio Frequency Engineering at Vienna University of Technology as full professor. His current research [&hellip;]<\/p>\n","protected":false},"author":4,"featured_media":0,"parent":0,"menu_order":2,"comment_status":"closed","ping_status":"closed","template":"","meta":{"_mi_skip_tracking":false},"_links":{"self":[{"href":"https:\/\/www.radio.feec.vutbr.cz\/GACR-13-38735S\/wp-json\/wp\/v2\/pages\/63"}],"collection":[{"href":"https:\/\/www.radio.feec.vutbr.cz\/GACR-13-38735S\/wp-json\/wp\/v2\/pages"}],"about":[{"href":"https:\/\/www.radio.feec.vutbr.cz\/GACR-13-38735S\/wp-json\/wp\/v2\/types\/page"}],"author":[{"embeddable":true,"href":"https:\/\/www.radio.feec.vutbr.cz\/GACR-13-38735S\/wp-json\/wp\/v2\/users\/4"}],"replies":[{"embeddable":true,"href":"https:\/\/www.radio.feec.vutbr.cz\/GACR-13-38735S\/wp-json\/wp\/v2\/comments?post=63"}],"version-history":[{"count":0,"href":"https:\/\/www.radio.feec.vutbr.cz\/GACR-13-38735S\/wp-json\/wp\/v2\/pages\/63\/revisions"}],"wp:attachment":[{"href":"https:\/\/www.radio.feec.vutbr.cz\/GACR-13-38735S\/wp-json\/wp\/v2\/media?parent=63"}],"curies":[{"name":"wp","href":"https:\/\/api.w.org\/{rel}","templated":true}]}}