{"id":145,"date":"2022-12-20T09:59:39","date_gmt":"2022-12-20T08:59:39","guid":{"rendered":"https:\/\/www.radio.feec.vutbr.cz\/optabro\/?page_id=145"},"modified":"2023-03-21T16:00:40","modified_gmt":"2023-03-21T15:00:40","slug":"simfso","status":"publish","type":"page","link":"https:\/\/www.radio.feec.vutbr.cz\/optabro\/simfso\/","title":{"rendered":"SIMFSO"},"content":{"rendered":"\n<p><\/p>\n\n\n<p>Program SIMFSO vznikl za podpory projektu \u010d.j. VI20192022173, Robustn\u00ed syst\u00e9m optick\u00e9 bezvl\u00e1knov\u00e9 komunikace, Ministerstvo vnitra \u010cR &#8211; Program bezpe\u010dnostn\u00edho v\u00fdzkumu \u010cR v letech 2015-2022 (BV III\/1-VS)<\/p>\n<p><img loading=\"lazy\" class=\"alignnone size-medium wp-image-146\" src=\"http:\/\/www.radio.feec.vutbr.cz\/optabro\/wp-content\/uploads\/2022\/12\/1014-300x83.png\" alt=\"\" width=\"300\" height=\"83\" srcset=\"https:\/\/www.radio.feec.vutbr.cz\/optabro\/wp-content\/uploads\/2022\/12\/1014-300x83.png 300w, https:\/\/www.radio.feec.vutbr.cz\/optabro\/wp-content\/uploads\/2022\/12\/1014.png 363w\" sizes=\"(max-width: 300px) 100vw, 300px\" \/><\/p>\n<p>&#8211; Odkaz na sta\u017een\u00ed programu SIMFSO <a href=\"http:\/\/www.radio.feec.vutbr.cz\/optabro\/wp-content\/uploads\/2023\/03\/SIMFSO_installer_2.zip\">SIM_INSTALLER<\/a><\/p>\n<p>&#8211; <a href=\"http:\/\/www.radio.feec.vutbr.cz\/optabro\/wp-content\/uploads\/2023\/01\/SIMFSO_uzivatel.pdf\">U\u017eivatelsk\u00fd manu\u00e1l<\/a><\/p>\n<p>&#8211; <a href=\"http:\/\/www.radio.feec.vutbr.cz\/optabro\/wp-content\/uploads\/2023\/01\/SIMFSO_inst.pdf\">Instala\u010dn\u00ed manu\u00e1l<\/a><\/p>\n<p>&#8211; <a href=\"http:\/\/www.radio.feec.vutbr.cz\/optabro\/wp-content\/uploads\/2023\/01\/SIMFSO_prog.pdf\">Program\u00e1torsk\u00fd manu\u00e1l<\/a><\/p>","protected":false},"excerpt":{"rendered":"<p>Program SIMFSO vznikl za podpory projektu \u010d.j. VI20192022173, Robustn\u00ed syst\u00e9m optick\u00e9 bezvl\u00e1knov\u00e9 komunikace, Ministerstvo vnitra \u010cR &#8211; Program bezpe\u010dnostn\u00edho v\u00fdzkumu \u010cR v letech 2015-2022 (BV III\/1-VS) &#8211; Odkaz na sta\u017een\u00ed programu SIMFSO SIM_INSTALLER &#8211; U\u017eivatelsk\u00fd manu\u00e1l &#8211; Instala\u010dn\u00ed manu\u00e1l &#8211; Program\u00e1torsk\u00fd manu\u00e1l<\/p>\n","protected":false},"author":1,"featured_media":0,"parent":0,"menu_order":0,"comment_status":"closed","ping_status":"closed","template":"","meta":{"_mi_skip_tracking":false},"_links":{"self":[{"href":"https:\/\/www.radio.feec.vutbr.cz\/optabro\/wp-json\/wp\/v2\/pages\/145"}],"collection":[{"href":"https:\/\/www.radio.feec.vutbr.cz\/optabro\/wp-json\/wp\/v2\/pages"}],"about":[{"href":"https:\/\/www.radio.feec.vutbr.cz\/optabro\/wp-json\/wp\/v2\/types\/page"}],"author":[{"embeddable":true,"href":"https:\/\/www.radio.feec.vutbr.cz\/optabro\/wp-json\/wp\/v2\/users\/1"}],"replies":[{"embeddable":true,"href":"https:\/\/www.radio.feec.vutbr.cz\/optabro\/wp-json\/wp\/v2\/comments?post=145"}],"version-history":[{"count":0,"href":"https:\/\/www.radio.feec.vutbr.cz\/optabro\/wp-json\/wp\/v2\/pages\/145\/revisions"}],"wp:attachment":[{"href":"https:\/\/www.radio.feec.vutbr.cz\/optabro\/wp-json\/wp\/v2\/media?parent=145"}],"curies":[{"name":"wp","href":"https:\/\/api.w.org\/{rel}","templated":true}]}}