{"id":41,"date":"2018-03-22T13:44:22","date_gmt":"2018-03-22T12:44:22","guid":{"rendered":"http:\/\/www.urel.feec.vutbr.cz\/optabro_n\/?page_id=41"},"modified":"2018-03-23T08:36:39","modified_gmt":"2018-03-23T07:36:39","slug":"cooperation","status":"publish","type":"page","link":"https:\/\/www.radio.feec.vutbr.cz\/optabro\/cooperation\/","title":{"rendered":"Cooperation"},"content":{"rendered":"<ul>\n<li> <a href=\"http:\/\/www.optikom.tugraz.at\/\/\">Optische Freiraum Kommunikation, Technische Universit\u00e4t Graz<\/a><\/li>\n<p> <\/p>\n<li> <a href=\"http:\/\/www.dlr.de\/kn\/en\/desktopdefault.aspx\">Institute of Communications and Navigation, DLR<\/a><\/li>\n<p><\/p>\n<li> <a href=\"http:\/\/www.dlr.de\/kn\/en\/desktopdefault.aspx\/tabid-8111\/13913_read-35335\/\">Group Optical Communication Systems, DLR<\/a><\/li>\n<p><\/p>\n<li> <a href=\"http:\/\/www.dlr.de\/kn\/en\/desktopdefault.aspx\/tabid-8112\/13915_read-35337\/\">Group Advanced Optical Technologies, DLR<\/a><\/li>\n<p><\/p>\n<li> <a href=\"http:\/\/soe.northumbria.ac.uk\/ocr\/\">Optical Communication Research Group, Northumbria University<\/a><\/li>\n<p><\/p>\n<li><a href=\"http:\/\/www.hs-pforzheim.de\/en-US\/Seiten\/Home.aspx\">Hochschule Pforzheim University<\/a><\/li>\n<p><\/p>\n<li><a href=\"http:\/\/www.teisa.unican.es\/toa\/index_en.html\">Applied Optical Techniques Group, Univesity of Cantabria<\/a><\/li>\n<p><\/p>\n<li><a href=\"http:\/\/www.isibrno.cz\/index.php\">Institute of scientific instruments, Academy of Sciences of the Czech Republic<\/a><\/li>\n<p> <\/p>\n<li><a href=\"http:\/\/www.fei.vsb.cz\/en\/okruhy\/departments-and-sections\/department-of-telecommunications\">Department of Telecommunications &#8211; Technical University of Ostrava<\/a><\/li>\n<p><\/p>\n<li><a href=\"http:\/\/elmag.org\/en\">Department of Electromagnetic Field, Czech Technical University of Prague <\/a><\/li>\n<p><\/p>\n<li><a href=\"http:\/\/www.optokon.cz\/czech-republic\">Optokon a.s. <\/a><\/li>\n<p><\/p>\n<li><a href=\"http:\/\/www.ufa.cas.cz\/?lang=en\">Institute of Atmospheric Physics, Academy of Sciences of the Czech Republic<\/a><\/li>\n<p><\/p>\n<li><a href=\"http:\/\/www.vup.cz\/index.php?language=2\">V\u00fdzkumn\u00fd \u00dastav Pleta\u0159sk\u00fd<\/a><\/li>\n<\/ul>\n<p><\/p>\n","protected":false},"excerpt":{"rendered":"<p>Optische Freiraum Kommunikation, Technische Universit\u00e4t Graz Institute of Communications and Navigation, DLR Group Optical Communication Systems, DLR Group Advanced Optical Technologies, DLR Optical Communication Research Group, Northumbria University Hochschule Pforzheim University Applied Optical Techniques Group, Univesity of Cantabria Institute of scientific instruments, Academy of Sciences of the Czech Republic Department of Telecommunications &#8211; Technical University [&hellip;]<\/p>\n","protected":false},"author":1,"featured_media":0,"parent":0,"menu_order":0,"comment_status":"closed","ping_status":"closed","template":"","meta":{"_mi_skip_tracking":false},"_links":{"self":[{"href":"https:\/\/www.radio.feec.vutbr.cz\/optabro\/wp-json\/wp\/v2\/pages\/41"}],"collection":[{"href":"https:\/\/www.radio.feec.vutbr.cz\/optabro\/wp-json\/wp\/v2\/pages"}],"about":[{"href":"https:\/\/www.radio.feec.vutbr.cz\/optabro\/wp-json\/wp\/v2\/types\/page"}],"author":[{"embeddable":true,"href":"https:\/\/www.radio.feec.vutbr.cz\/optabro\/wp-json\/wp\/v2\/users\/1"}],"replies":[{"embeddable":true,"href":"https:\/\/www.radio.feec.vutbr.cz\/optabro\/wp-json\/wp\/v2\/comments?post=41"}],"version-history":[{"count":0,"href":"https:\/\/www.radio.feec.vutbr.cz\/optabro\/wp-json\/wp\/v2\/pages\/41\/revisions"}],"wp:attachment":[{"href":"https:\/\/www.radio.feec.vutbr.cz\/optabro\/wp-json\/wp\/v2\/media?parent=41"}],"curies":[{"name":"wp","href":"https:\/\/api.w.org\/{rel}","templated":true}]}}