{"id":45,"date":"2018-03-22T13:45:28","date_gmt":"2018-03-22T12:45:28","guid":{"rendered":"http:\/\/www.urel.feec.vutbr.cz\/optabro_n\/?page_id=45"},"modified":"2022-02-14T16:36:57","modified_gmt":"2022-02-14T15:36:57","slug":"contact","status":"publish","type":"page","link":"https:\/\/www.radio.feec.vutbr.cz\/optabro\/contact\/","title":{"rendered":"Contact"},"content":{"rendered":"<p><strong>Department of Radio Electronics<\/strong><br \/>\n<strong>Faculty of Electrical Engineering and Communication <\/strong><br \/>\n<strong>Brno University of Technology<\/strong><br \/>\nTechnicka 12<br \/>\n616 00 Brno<br \/>\nCzech Republic<br \/>\n<strong>VAT:<\/strong> CZ00216305<br \/>\n<strong>Web:<\/strong> www.radio.feec.vutbr.cz\/optabro\/<\/p>\n<p><b>prof. Ing. Otakar Wilfert, CSc.<\/b><br \/>\nE-mail: wilfert@vut.cz<br \/>\nTel.: +420 54114 6565<\/p>\n<p><b>doc.Ing. Lucie Hudcov\u00e1, Ph.D.<\/b><br \/>\nE-mail: hudcova@vut.cz<br \/>\nTel.: +420 54114 6580<\/p>\n<p><b>Ing. Peter Barc\u00edk, Ph.D.<\/b><br \/>\nE-mail: barcik@vut.cz<br \/>\nTel.: +420 54114 6589<\/p>\n<p><b>Ing. Marek Nov\u00e1k<\/b><br \/>\nE-mail: xnovak0m@vutbr.cz<br \/>\nTel.: +420 54114 6558<\/p>\n<p><b>Ing. Petr Skryja<\/b><br \/>\nE-mail: xskryj01@vutbr.cz<br \/>\nTel.: +420 54114 6558<\/p>\n<p><b>Ing. Al\u017ebeta Kova\u013eov\u00e1<\/b><br \/>\nE-mail: Alzbeta.Kovalova@vut.cz<br \/>\nTel.: +420 54114 6544<\/p>\n","protected":false},"excerpt":{"rendered":"<p>Department of Radio Electronics Faculty of Electrical Engineering and Communication Brno University of Technology Technicka 12 616 00 Brno Czech Republic VAT: CZ00216305 Web: www.radio.feec.vutbr.cz\/optabro\/ prof. Ing. Otakar Wilfert, CSc. E-mail: wilfert@vut.cz Tel.: +420 54114 6565 doc.Ing. Lucie Hudcov\u00e1, Ph.D. E-mail: hudcova@vut.cz Tel.: +420 54114 6580 Ing. Peter Barc\u00edk, Ph.D. E-mail: barcik@vut.cz Tel.: +420 54114 [&hellip;]<\/p>\n","protected":false},"author":1,"featured_media":0,"parent":0,"menu_order":0,"comment_status":"closed","ping_status":"closed","template":"","meta":{"_mi_skip_tracking":false},"_links":{"self":[{"href":"https:\/\/www.radio.feec.vutbr.cz\/optabro\/wp-json\/wp\/v2\/pages\/45"}],"collection":[{"href":"https:\/\/www.radio.feec.vutbr.cz\/optabro\/wp-json\/wp\/v2\/pages"}],"about":[{"href":"https:\/\/www.radio.feec.vutbr.cz\/optabro\/wp-json\/wp\/v2\/types\/page"}],"author":[{"embeddable":true,"href":"https:\/\/www.radio.feec.vutbr.cz\/optabro\/wp-json\/wp\/v2\/users\/1"}],"replies":[{"embeddable":true,"href":"https:\/\/www.radio.feec.vutbr.cz\/optabro\/wp-json\/wp\/v2\/comments?post=45"}],"version-history":[{"count":0,"href":"https:\/\/www.radio.feec.vutbr.cz\/optabro\/wp-json\/wp\/v2\/pages\/45\/revisions"}],"wp:attachment":[{"href":"https:\/\/www.radio.feec.vutbr.cz\/optabro\/wp-json\/wp\/v2\/media?parent=45"}],"curies":[{"name":"wp","href":"https:\/\/api.w.org\/{rel}","templated":true}]}}